{"id":17791,"date":"2024-07-30T09:19:47","date_gmt":"2024-07-30T09:19:47","guid":{"rendered":"https:\/\/endef.com\/?page_id=17791"},"modified":"2024-12-03T11:09:03","modified_gmt":"2024-12-03T11:09:03","slug":"about-us","status":"publish","type":"page","link":"https:\/\/endef.com\/en\/about-us\/","title":{"rendered":"About us"},"content":{"rendered":"<div class=\"gb-container gb-container-34a4d1af\">\n<div class=\"gb-container gb-container-07435ba3\">\n\n<h1 class=\"gb-headline gb-headline-a99431b5 gb-headline-text\">About us<\/h1>\n\n<\/div>\n<\/div>\n\n<div class=\"gb-container gb-container-88a120d7\">\n<div class=\"gb-container gb-container-3427cdea\">\n\n<p>ENDEF is a company that was founded in 2012 and has more than 500 installations in Aragon. We are a company with a vocation for renewable energies. <\/p>\n\n\n\n<p>Our engineering and installation divisions allow us to execute projects comprehensively, always with a 100% renewable vision. From the conception of the project, search for subsidies, project writing, construction management, execution and maintenance. <\/p>\n\n\n\n<p>Our specialty is self-consumption solar installations, where energy is consumed where it is generated. We also carry out projects for electric vehicle charging points, air conditioning and energy efficiency.<\/p>\n\n\n<div class=\"gb-container gb-container-b5ee7dc9\">\n<div class=\"gb-grid-wrapper gb-grid-wrapper-1c9bed17\">\n<div class=\"gb-grid-column gb-grid-column-7fe416e7\"><div class=\"gb-container gb-container-7fe416e7\">\n\n<p class=\"gb-headline gb-headline-679eb717 gb-headline-text\">Mission<\/p>\n\n\n\n<p>To Innovate and develop solar technology to bring renewable energy closer to people.<\/p>\n\n<\/div><\/div>\n\n<div class=\"gb-grid-column gb-grid-column-3e05f3a4\"><div class=\"gb-container gb-container-3e05f3a4\">\n\n<p class=\"gb-headline gb-headline-df2392be gb-headline-text\">Vission<\/p>\n\n\n\n<p>To make the world a sustainable and 100 % renewable place thanks to the use of solar energy.<\/p>\n\n<\/div><\/div>\n\n<div class=\"gb-grid-column gb-grid-column-7efe4508\"><div class=\"gb-container gb-container-7efe4508\">\n\n<p class=\"gb-headline gb-headline-008e6140 gb-headline-text\">Values<\/p>\n\n\n\n<p><strong>Transparency and honesty<\/strong>: We build trust through the use of truth. Our proposal is always 100% adapted to the needs and conditions of our clients.<\/p>\n\n\n\n<p><strong>Innovation<\/strong>: With R&amp;D ahead, we always offer the most innovative solutions with the aim of adapting as much as possible to what our clients really need.<\/p>\n\n\n\n<p><strong>Commitment<\/strong>: We have the duty to protect and safeguard the world in which we live. Therefore, our commitment to the environment and to society is evident in each of our actions.<\/p>\n\n\n\n<p><strong>Continuous improvement<\/strong>: Every day we face new and complicated challenges. Overcoming is part of our DNA and, ultimately, it is what moves us. And we like it.<\/p>\n\n<\/div><\/div>\n<\/div>\n<\/div>\n<\/div>\n<\/div>\n\n<div class=\"gb-container gb-container-f3c0bc34\">\n<div class=\"gb-container gb-container-51a6ba71\">\n\n<h2 class=\"wp-block-heading has-text-align-center\">Our commitment to quality<\/h2>\n\n\n\n<p class=\"has-text-align-center\">In the certification process. This process requires us to continuously improve in search of excellence in service management and is the guarantee of a service of verifiable and enforceable quality.<\/p>\n\n\n\n<figure class=\"gb-block-image gb-block-image-bd42eb3e\"><img loading=\"lazy\" decoding=\"async\" width=\"748\" height=\"91\" class=\"gb-image gb-image-bd42eb3e\" src=\"https:\/\/endef.com\/wp-content\/uploads\/2024\/07\/calidad.png\" alt=\"\" title=\"calidad\" srcset=\"https:\/\/endef.com\/wp-content\/uploads\/2024\/07\/calidad.png 748w, https:\/\/endef.com\/wp-content\/uploads\/2024\/07\/calidad-300x36.png 300w\" sizes=\"auto, (max-width: 748px) 100vw, 748px\" \/><\/figure>\n\n\n\n<p class=\"has-text-align-center\">We have the AESSIA quality management seal, applied to all the services we offer both in the installation and in the technical office.<\/p>\n\n\n\n<figure class=\"gb-block-image gb-block-image-9b5710fd\"><img loading=\"lazy\" decoding=\"async\" width=\"468\" height=\"116\" class=\"gb-image gb-image-9b5710fd\" src=\"https:\/\/endef.com\/wp-content\/uploads\/2024\/07\/aessia.png\" alt=\"\" title=\"aessia\" srcset=\"https:\/\/endef.com\/wp-content\/uploads\/2024\/07\/aessia.png 468w, https:\/\/endef.com\/wp-content\/uploads\/2024\/07\/aessia-300x74.png 300w\" sizes=\"auto, (max-width: 468px) 100vw, 468px\" \/><\/figure>\n\n\n\n<p class=\"gb-headline gb-headline-6632b10e gb-headline-text\">We are an installation company authorized in Aragon in the following specialties:<\/p>\n\n\n\n<p class=\"gb-headline gb-headline-ff389e09\"><span class=\"gb-icon\"><svg aria-hidden=\"true\" role=\"img\" height=\"1em\" width=\"1em\" viewBox=\"0 0 256 512\" xmlns=\"http:\/\/www.w3.org\/2000\/svg\"><path fill=\"currentColor\" d=\"M224.3 273l-136 136c-9.4 9.4-24.6 9.4-33.9 0l-22.6-22.6c-9.4-9.4-9.4-24.6 0-33.9l96.4-96.4-96.4-96.4c-9.4-9.4-9.4-24.6 0-33.9L54.3 103c9.4-9.4 24.6-9.4 33.9 0l136 136c9.5 9.4 9.5 24.6.1 34z\"><\/path><\/svg><\/span><span class=\"gb-headline-text\"><strong>Low voltage electrical installations:<\/strong> All specialties<\/span><\/p>\n\n\n\n<p class=\"gb-headline gb-headline-e3f460f9\"><span class=\"gb-icon\"><svg aria-hidden=\"true\" role=\"img\" height=\"1em\" width=\"1em\" viewBox=\"0 0 256 512\" xmlns=\"http:\/\/www.w3.org\/2000\/svg\"><path fill=\"currentColor\" d=\"M224.3 273l-136 136c-9.4 9.4-24.6 9.4-33.9 0l-22.6-22.6c-9.4-9.4-9.4-24.6 0-33.9l96.4-96.4-96.4-96.4c-9.4-9.4-9.4-24.6 0-33.9L54.3 103c9.4-9.4 24.6-9.4 33.9 0l136 136c9.5 9.4 9.5 24.6.1 34z\"><\/path><\/svg><\/span><span class=\"gb-headline-text\"><strong>Water supply installations:<\/strong> Installer<\/span><\/p>\n\n\n\n<p class=\"gb-headline gb-headline-68d2461e\"><span class=\"gb-icon\"><svg aria-hidden=\"true\" role=\"img\" height=\"1em\" width=\"1em\" viewBox=\"0 0 256 512\" xmlns=\"http:\/\/www.w3.org\/2000\/svg\"><path fill=\"currentColor\" d=\"M224.3 273l-136 136c-9.4 9.4-24.6 9.4-33.9 0l-22.6-22.6c-9.4-9.4-9.4-24.6 0-33.9l96.4-96.4-96.4-96.4c-9.4-9.4-9.4-24.6 0-33.9L54.3 103c9.4-9.4 24.6-9.4 33.9 0l136 136c9.5 9.4 9.5 24.6.1 34z\"><\/path><\/svg><\/span><span class=\"gb-headline-text\"><strong>Thermal installations in buildings:<\/strong> Installer and maintenance category Level 1 and 2<\/span><\/p>\n\n\n\n<p class=\"gb-headline gb-headline-466d1ee9\"><span class=\"gb-icon\"><svg aria-hidden=\"true\" role=\"img\" height=\"1em\" width=\"1em\" viewBox=\"0 0 256 512\" xmlns=\"http:\/\/www.w3.org\/2000\/svg\"><path fill=\"currentColor\" d=\"M224.3 273l-136 136c-9.4 9.4-24.6 9.4-33.9 0l-22.6-22.6c-9.4-9.4-9.4-24.6 0-33.9l96.4-96.4-96.4-96.4c-9.4-9.4-9.4-24.6 0-33.9L54.3 103c9.4-9.4 24.6-9.4 33.9 0l136 136c9.5 9.4 9.5 24.6.1 34z\"><\/path><\/svg><\/span><span class=\"gb-headline-text\"><strong>Gas installations:<\/strong> Category A<\/span><\/p>\n\n\n\n<p class=\"gb-headline gb-headline-a2c1ac7a\"><span class=\"gb-icon\"><svg aria-hidden=\"true\" role=\"img\" height=\"1em\" width=\"1em\" viewBox=\"0 0 256 512\" xmlns=\"http:\/\/www.w3.org\/2000\/svg\"><path fill=\"currentColor\" d=\"M224.3 273l-136 136c-9.4 9.4-24.6 9.4-33.9 0l-22.6-22.6c-9.4-9.4-9.4-24.6 0-33.9l96.4-96.4-96.4-96.4c-9.4-9.4-9.4-24.6 0-33.9L54.3 103c9.4-9.4 24.6-9.4 33.9 0l136 136c9.5 9.4 9.5 24.6.1 34z\"><\/path><\/svg><\/span><span class=\"gb-headline-text\"><strong>Refrigeration facilities:<\/strong> Level 2 refrigeration category<\/span><\/p>\n\n\n\n<figure class=\"gb-block-image gb-block-image-2bd579f5\"><img loading=\"lazy\" decoding=\"async\" width=\"322\" height=\"157\" class=\"gb-image gb-image-2bd579f5\" src=\"https:\/\/endef.com\/wp-content\/uploads\/2024\/07\/gobierno_aragon_economia_y_empleo.png\" alt=\"\" title=\"gobierno_aragon_economia_y_empleo\" srcset=\"https:\/\/endef.com\/wp-content\/uploads\/2024\/07\/gobierno_aragon_economia_y_empleo.png 322w, https:\/\/endef.com\/wp-content\/uploads\/2024\/07\/gobierno_aragon_economia_y_empleo-300x146.png 300w\" sizes=\"auto, (max-width: 322px) 100vw, 322px\" \/><\/figure>\n\n\n\n<h2 class=\"gb-headline gb-headline-3a762594 gb-headline-text\">Towards a better future<\/h2>\n\n\n\n<p>Our commitment to the environment and people is reflected in our corporate social responsibility. We work there every year to maintain and improve the well-being of those who participate in our project. <\/p>\n\n\n\n<p>We are proud to renew the Social Responsibility + Seal of the Aragonese Development Institute year after year.<\/p>\n\n\n<div class=\"gb-container gb-container-50ed134f\">\n<div class=\"gb-grid-wrapper gb-grid-wrapper-5133d29f\">\n<div class=\"gb-grid-column gb-grid-column-a9d47a49\"><div class=\"gb-container gb-container-a9d47a49\">\n\n<p class=\"gb-headline gb-headline-b427dffd gb-headline-text\">Our recognition<\/p>\n\n\n\n<h2 class=\"gb-headline gb-headline-1e4941b4 gb-headline-text\">Awards<\/h2>\n\n\n\n<figure class=\"gb-block-image gb-block-image-8bad3d32\"><img loading=\"lazy\" decoding=\"async\" width=\"755\" height=\"337\" class=\"gb-image gb-image-8bad3d32\" src=\"https:\/\/endef.com\/wp-content\/uploads\/2024\/07\/premios.jpg\" alt=\"iconos de los premios obtenidos por ENDEF\" srcset=\"https:\/\/endef.com\/wp-content\/uploads\/2024\/07\/premios.jpg 755w, https:\/\/endef.com\/wp-content\/uploads\/2024\/07\/premios-300x134.jpg 300w\" sizes=\"auto, (max-width: 755px) 100vw, 755px\" \/><\/figure>\n\n<\/div><\/div>\n\n<div class=\"gb-grid-column gb-grid-column-0a733f68\"><div class=\"gb-container gb-container-0a733f68\">\n\n<p class=\"gb-headline gb-headline-19b8b0d5 gb-headline-text\">Where can you find us?<\/p>\n\n\n\n<h2 class=\"gb-headline gb-headline-db84ea69 gb-headline-text\">We are members of<\/h2>\n\n\n\n<figure class=\"gb-block-image gb-block-image-38bb62c1\"><img loading=\"lazy\" decoding=\"async\" width=\"1280\" height=\"720\" class=\"gb-image gb-image-38bb62c1\" src=\"https:\/\/endef.com\/wp-content\/uploads\/2024\/07\/Asociaciones-ENDEF-1.jpg\" alt=\"Logos de Cl\u00faster de la Energ\u00eda de Arag\u00f3n, Solartys, Secartys, Directivas de Arag\u00f3n, UNEF, ADEA, CEPYME, Mercado Social, Pacto Mundial\" srcset=\"https:\/\/endef.com\/wp-content\/uploads\/2024\/07\/Asociaciones-ENDEF-1.jpg 1280w, https:\/\/endef.com\/wp-content\/uploads\/2024\/07\/Asociaciones-ENDEF-1-300x169.jpg 300w, https:\/\/endef.com\/wp-content\/uploads\/2024\/07\/Asociaciones-ENDEF-1-1024x576.jpg 1024w, https:\/\/endef.com\/wp-content\/uploads\/2024\/07\/Asociaciones-ENDEF-1-768x432.jpg 768w\" sizes=\"auto, (max-width: 1280px) 100vw, 1280px\" \/><\/figure>\n\n<\/div><\/div>\n<\/div>\n<\/div>\n<\/div>\n<\/div>","protected":false},"excerpt":{"rendered":"<p>About us ENDEF is a company that was founded in 2012 and has more than 500 installations in Aragon. We &#8230; <\/p>\n<p class=\"read-more-container\"><a title=\"About us\" class=\"read-more button\" href=\"https:\/\/endef.com\/en\/about-us\/#more-17791\" aria-label=\"Read more about About us\">Read more<\/a><\/p>\n","protected":false},"author":1,"featured_media":0,"parent":0,"menu_order":0,"comment_status":"closed","ping_status":"closed","template":"","meta":{"footnotes":""},"class_list":["post-17791","page","type-page","status-publish"],"_links":{"self":[{"href":"https:\/\/endef.com\/en\/wp-json\/wp\/v2\/pages\/17791","targetHints":{"allow":["GET"]}}],"collection":[{"href":"https:\/\/endef.com\/en\/wp-json\/wp\/v2\/pages"}],"about":[{"href":"https:\/\/endef.com\/en\/wp-json\/wp\/v2\/types\/page"}],"author":[{"embeddable":true,"href":"https:\/\/endef.com\/en\/wp-json\/wp\/v2\/users\/1"}],"replies":[{"embeddable":true,"href":"https:\/\/endef.com\/en\/wp-json\/wp\/v2\/comments?post=17791"}],"version-history":[{"count":2,"href":"https:\/\/endef.com\/en\/wp-json\/wp\/v2\/pages\/17791\/revisions"}],"predecessor-version":[{"id":18479,"href":"https:\/\/endef.com\/en\/wp-json\/wp\/v2\/pages\/17791\/revisions\/18479"}],"wp:attachment":[{"href":"https:\/\/endef.com\/en\/wp-json\/wp\/v2\/media?parent=17791"}],"curies":[{"name":"wp","href":"https:\/\/api.w.org\/{rel}","templated":true}]}}